{"id":35,"date":"2026-01-21T11:09:22","date_gmt":"2026-01-21T11:09:22","guid":{"rendered":"https:\/\/praeparate.hohenloher-landgockel.de\/?page_id=35"},"modified":"2026-03-26T20:41:04","modified_gmt":"2026-03-26T20:41:04","slug":"startseite","status":"publish","type":"page","link":"https:\/\/praeparate.hohenloher-landgockel.de\/","title":{"rendered":"Startseite"},"content":{"rendered":"<div class=\"wpb-content-wrapper\"><p>[vc_row][vc_column width=&#8220;1\/3&#8243;][vc_single_image image=&#8220;66&#8243; img_size=&#8220;large&#8220; alignment=&#8220;center&#8220; css=&#8220;&#8220;][vc_column_text css=&#8220;&#8220;]<\/p>\n<h3 style=\"text-align: center;\">Biodynamische Pr\u00e4paratezentrale<\/h3>\n<p style=\"text-align: center;\">Die Internationale Pr\u00e4paratezentrale auf dem Brunnenhof M\u00e4usdorf bei K\u00fcnzelsau bietet biodynamische Pr\u00e4parate f\u00fcr Landwirte, Winzer, Obst- &amp; Gem\u00fcsebauern, G\u00e4rtner und Klein- und Hausg\u00e4rtner.<\/p>\n<p>&nbsp;<\/p>\n<p style=\"text-align: center;\"><strong>Hom\u00f6opathie f\u00fcr Ihren Boden<\/strong><\/p>\n<p style=\"text-align: center;\">Traditionelle handwerkliche Pr\u00e4parateherstellung<br \/>\n<i class=\"fa fa-arrow-down\" aria-hidden=\"true\"><\/i><\/p>\n<p style=\"text-align: center;\">Anwendungsfertige Pr\u00e4parate, Pr\u00e4paratekisten und Arbeitshefte<br \/>\n<i class=\"fa fa-arrow-down\" aria-hidden=\"true\"><\/i><\/p>\n<p style=\"text-align: center;\">Schnelle Lieferung per Postversand<br \/>\n<i class=\"fa fa-arrow-down\" aria-hidden=\"true\"><\/i><\/p>\n<p style=\"text-align: center;\">Ausbringen und Ihrem Boden etwas Gutes tun<\/p>\n<p>[\/vc_column_text][\/vc_column][vc_column width=&#8220;1\/3&#8243;][vc_video link=&#8220;https:\/\/youtu.be\/TmbIPuuJZEo?si=5ZILbOBhUI_FjMtk&#8220; align=&#8220;center&#8220; css=&#8220;&#8220;][vc_column_text css=&#8220;&#8220;]<\/p>\n<h3 style=\"text-align: center;\">Unsere Dienstleistungen<\/h3>\n<p style=\"text-align: center;\"><strong>Biodynamische Pr\u00e4parate im Auftrag und<br \/>\nAusbringung der Pr\u00e4parate mittels Drohne<\/strong><\/p>\n<p style=\"text-align: center;\">Sie m\u00f6chten biodynamisch wirtschaften und Ihre Erzeugnisse unter dem Markenzeichen Demeter vermarkten?<br \/>\nDie daf\u00fcr ben\u00f6tigten Mengen an biodynamischen Pr\u00e4paraten stellen wir f\u00fcr Sie individuell im Auftrag her. Schreiben Sie uns gerne \u00fcber unser <a href=\"https:\/\/praeparate.hohenloher-landgockel.de\/index.php\/kontakt\/\">Kontaktformular<\/a>.<\/p>\n<p style=\"text-align: center;\"><strong>Einf\u00fchrungs- und Weiterbildungs-Kurs<\/strong><br \/>\nf\u00fcr die praktische Herstellung der biodynamischen Pr\u00e4parate.<\/p>\n<p style=\"text-align: center;\"><a href=\"https:\/\/praeparate.hohenloher-landgockel.de\/index.php\/praeparatekurs-auf-dem-brunnenhof-maeusdorf\/\">Hier<\/a> gibt\u00b4s mehr Infos.<\/p>\n<p>[\/vc_column_text][\/vc_column][vc_column width=&#8220;1\/3&#8243;][vc_single_image image=&#8220;110&#8243; img_size=&#8220;medium&#8220; alignment=&#8220;center&#8220; css=&#8220;&#8220;][vc_column_text css=&#8220;&#8220;]<\/p>\n<h3 style=\"text-align: center;\">Pr\u00e4parate online bestellen<\/h3>\n<p style=\"text-align: center;\"><strong>\u00a0&#8211; Jetzt auch im Online-Hofladen! &#8211;<\/strong><\/p>\n<p style=\"text-align: center;\">Bestellen Sie anwendungsfertige biodynamische Pr\u00e4parate schnell und einfach per E-Mail. Unsere biodynamische Pr\u00e4parate erhalten Sie schnell und einfach per Postversand oder direkt bei uns im Hofladen vor Ort. Die Bestellung kann sowohl per Mail oder seit kurzem auch \u00fcber unseren eigenen Online-Hofladen aufgegeben werden.<\/p>\n<p>[\/vc_column_text][vc_hoverbox image=&#8220;51&#8243; primary_title=&#8220;Online-Hofladen betreten&#8220; hover_title=&#8220;Hereinspaziert &#8211; Einfach hier klicken!&#8220;][\/vc_hoverbox][\/vc_column][\/vc_row][vc_row][vc_column width=&#8220;1\/2&#8243;]<div class=\"ult-spacer spacer-69e60adcae309\" data-id=\"69e60adcae309\" data-height=\"10\" data-height-mobile=\"10\" data-height-tab=\"10\" data-height-tab-portrait=\"\" data-height-mobile-landscape=\"\" style=\"clear:both;display:block;\"><\/div><div id=\"ultimate-video-549469e60adcae35f\" class=\"ult-video  ult-adjust-bottom-margin ultimate-video-549469e60adcae35f ultv-4447 \"><div class=\"ultv-video ultv-aspect-ratio-16_9 ultv-subscribe-responsive-none\" data-videotype=\"uv_iframe\">\n\t\t\t\t\t\t<div class=\"ultv-video__outer-wrap\" data-autoplay=\"0\" data-device=\"false\"  data-iconbg=\"#3A3A3A\" data-overcolor=\"\" data-defaultbg=\"#1f1f1e\" data-defaultplay=\"defaulticon\"><div class=\"ultv-video__play\" data-src=\"https:\/\/www.youtube.com\/embed\/?rel=0&#038;start=0&#038;end=15&#038;controls=1&#038;mute=0&#038;modestbranding=0&#038;autoplay=1\">\n\t\t\t\t\t\t\t\t<img decoding=\"async\" class=\"ultv-video__thumb\" src=\"\"\/>\n\t\t\t\t\t\t\t\t<div class=\"ultv-video__play-icon  ultv-animation-none\" style=\"width:75px\"><svg height=\"100%\" version=\"1.1\" viewBox=\"0 0 68 48\" width=\"100%\"><path class=\"ultv-youtube-icon-bg\" d=\"m .66,37.62 c 0,0 .66,4.70 2.70,6.77 2.58,2.71 5.98,2.63 7.49,2.91 5.43,.52 23.10,.68 23.12,.68 .00,-1.3e-5 14.29,-0.02 23.81,-0.71 1.32,-0.15 4.22,-0.17 6.81,-2.89 2.03,-2.07 2.70,-6.77 2.70,-6.77 0,0 .67,-5.52 .67,-11.04 l 0,-5.17 c 0,-5.52 -0.67,-11.04 -0.67,-11.04 0,0 -0.66,-4.70 -2.70,-6.77 C 62.03,.86 59.13,.84 57.80,.69 48.28,0 34.00,0 34.00,0 33.97,0 19.69,0 10.18,.69 8.85,.84 5.95,.86 3.36,3.58 1.32,5.65 .66,10.35 .66,10.35 c 0,0 -0.55,4.50 -0.66,9.45 l 0,8.36 c .10,4.94 .66,9.45 .66,9.45 z\" fill=\"#1f1f1e\" ><\/path><path d=\"m 26.96,13.67 18.37,9.62 -18.37,9.55 -0.00,-19.17 z\" fill=\"#fff\"><\/path><path d=\"M 45.02,23.46 45.32,23.28 26.96,13.67 43.32,22.34 45.02,23.46 z\" fill=\"#ccc\"><\/path><\/svg><\/div> <\/div> <\/div><\/div><\/div>[\/vc_column][vc_column width=&#8220;1\/2&#8243;]<div class=\"ult-spacer spacer-69e60adcae410\" data-id=\"69e60adcae410\" data-height=\"10\" data-height-mobile=\"10\" data-height-tab=\"10\" data-height-tab-portrait=\"\" data-height-mobile-landscape=\"\" style=\"clear:both;display:block;\"><\/div>[vc_column_text css=&#8220;&#8220;]Die Internationale biodynamische Pr\u00e4paratezentrale auf dem Brunnenhof unterst\u00fctzt die biodynamische Arbeit weltweit und erm\u00f6glicht die Vermarktung unter dem Markenzeichen\u00a0<a title=\"Demeter\" href=\"https:\/\/www.demeter.de\/\">Demeter<\/a>. Neben Kursangeboten bietet der Brunnenhof M\u00e4usdorf individuelle Beratung, alle ben\u00f6tigten Hilfsmittel zur Herstellung der biodynamischen Pr\u00e4parate, Pr\u00e4parateherstellung im Auftrag und anwendungsfertige Pr\u00e4parate an.<\/p>\n<p>Erkenntnisse und Erfahrungen aus der jahrzehntelangen Pr\u00e4paratearbeit hat das Team der Internationalen Pr\u00e4paratezentrale in zahlreichen Merkbl\u00e4ttern und Informationsschriften f\u00fcr Anwender zusammengestellt \u2013 praxisnah, fachkompetent und anwenderfreundlich.[\/vc_column_text][\/vc_column][\/vc_row]<\/p>\n<\/div>","protected":false},"excerpt":{"rendered":"<p>[vc_row][vc_column width=&#8220;1\/3&#8243;][vc_single_image image=&#8220;66&#8243; img_size=&#8220;large&#8220; alignment=&#8220;center&#8220; css=&#8220;&#8220;][vc_column_text css=&#8220;&#8220;] Biodynamische Pr\u00e4paratezentrale Die Internationale Pr\u00e4paratezentrale auf dem Brunnenhof M\u00e4usdorf bei K\u00fcnzelsau bietet biodynamische Pr\u00e4parate f\u00fcr Landwirte, Winzer, Obst- &amp; Gem\u00fcsebauern, G\u00e4rtner und Klein- und Hausg\u00e4rtner. &nbsp; Hom\u00f6opathie f\u00fcr Ihren Boden Traditionelle handwerkliche Pr\u00e4parateherstellung Anwendungsfertige Pr\u00e4parate, Pr\u00e4paratekisten und Arbeitshefte Schnelle Lieferung per Postversand Ausbringen und Ihrem Boden etwas Gutes tun [\/vc_column_text][\/vc_column][vc_column width=&#8220;1\/3&#8243;][vc_video link=&#8220;https:\/\/youtu.be\/TmbIPuuJZEo?si=5ZILbOBhUI_FjMtk&#8220; align=&#8220;center&#8220; css=&#8220;&#8220;][vc_column_text css=&#8220;&#8220;] Unsere Dienstleistungen Biodynamische Pr\u00e4parate im Auftrag und Ausbringung der Pr\u00e4parate mittels Drohne Sie m\u00f6chten biodynamisch wirtschaften und Ihre Erzeugnisse unter dem Markenzeichen Demeter vermarkten? Die daf\u00fcr ben\u00f6tigten Mengen an biodynamischen Pr\u00e4paraten stellen wir f\u00fcr Sie individuell im Auftrag her. Schreiben Sie uns gerne \u00fcber unser Kontaktformular. Einf\u00fchrungs- und Weiterbildungs-Kurs f\u00fcr die praktische Herstellung der biodynamischen Pr\u00e4parate. Hier gibt\u00b4s mehr Infos. [\/vc_column_text][\/vc_column][vc_column width=&#8220;1\/3&#8243;][vc_single_image image=&#8220;110&#8243; img_size=&#8220;medium&#8220; alignment=&#8220;center&#8220; css=&#8220;&#8220;][vc_column_text css=&#8220;&#8220;] Pr\u00e4parate online bestellen \u00a0&#8211; Jetzt auch im Online-Hofladen! &#8211; Bestellen Sie anwendungsfertige biodynamische Pr\u00e4parate schnell und einfach per E-Mail. Unsere biodynamische Pr\u00e4parate erhalten Sie schnell und einfach per Postversand oder direkt bei uns im Hofladen vor Ort. Die Bestellung kann sowohl per Mail oder seit kurzem auch \u00fcber unseren eigenen Online-Hofladen aufgegeben werden. [\/vc_column_text][vc_hoverbox image=&#8220;51&#8243; primary_title=&#8220;Online-Hofladen betreten&#8220; hover_title=&#8220;Hereinspaziert &#8211; Einfach hier klicken!&#8220;][\/vc_hoverbox][\/vc_column][\/vc_row][vc_row][vc_column width=&#8220;1\/2&#8243;][\/vc_column][vc_column width=&#8220;1\/2&#8243;][vc_column_text css=&#8220;&#8220;]Die Internationale biodynamische Pr\u00e4paratezentrale auf dem Brunnenhof unterst\u00fctzt die biodynamische Arbeit weltweit und erm\u00f6glicht die Vermarktung unter dem Markenzeichen\u00a0Demeter. Neben Kursangeboten bietet der Brunnenhof M\u00e4usdorf individuelle Beratung, alle ben\u00f6tigten Hilfsmittel zur Herstellung der biodynamischen Pr\u00e4parate, Pr\u00e4parateherstellung im Auftrag und anwendungsfertige Pr\u00e4parate an. Erkenntnisse und Erfahrungen aus der jahrzehntelangen Pr\u00e4paratearbeit hat das Team der Internationalen Pr\u00e4paratezentrale in zahlreichen Merkbl\u00e4ttern und Informationsschriften f\u00fcr Anwender zusammengestellt \u2013 praxisnah, fachkompetent und anwenderfreundlich.[\/vc_column_text][\/vc_column][\/vc_row]<\/p>\n","protected":false},"author":1,"featured_media":0,"parent":0,"menu_order":0,"comment_status":"closed","ping_status":"closed","template":"","meta":{"footnotes":""},"class_list":["post-35","page","type-page","status-publish","hentry"],"_links":{"self":[{"href":"https:\/\/praeparate.hohenloher-landgockel.de\/index.php\/wp-json\/wp\/v2\/pages\/35","targetHints":{"allow":["GET"]}}],"collection":[{"href":"https:\/\/praeparate.hohenloher-landgockel.de\/index.php\/wp-json\/wp\/v2\/pages"}],"about":[{"href":"https:\/\/praeparate.hohenloher-landgockel.de\/index.php\/wp-json\/wp\/v2\/types\/page"}],"author":[{"embeddable":true,"href":"https:\/\/praeparate.hohenloher-landgockel.de\/index.php\/wp-json\/wp\/v2\/users\/1"}],"replies":[{"embeddable":true,"href":"https:\/\/praeparate.hohenloher-landgockel.de\/index.php\/wp-json\/wp\/v2\/comments?post=35"}],"version-history":[{"count":6,"href":"https:\/\/praeparate.hohenloher-landgockel.de\/index.php\/wp-json\/wp\/v2\/pages\/35\/revisions"}],"predecessor-version":[{"id":162,"href":"https:\/\/praeparate.hohenloher-landgockel.de\/index.php\/wp-json\/wp\/v2\/pages\/35\/revisions\/162"}],"wp:attachment":[{"href":"https:\/\/praeparate.hohenloher-landgockel.de\/index.php\/wp-json\/wp\/v2\/media?parent=35"}],"curies":[{"name":"wp","href":"https:\/\/api.w.org\/{rel}","templated":true}]}}