{"id":107,"date":"2026-01-28T08:31:09","date_gmt":"2026-01-28T08:31:09","guid":{"rendered":"https:\/\/praeparate.hohenloher-landgockel.de\/?page_id=107"},"modified":"2026-01-28T08:31:15","modified_gmt":"2026-01-28T08:31:15","slug":"praeparatekurs-auf-dem-brunnenhof-maeusdorf","status":"publish","type":"page","link":"https:\/\/praeparate.hohenloher-landgockel.de\/index.php\/praeparatekurs-auf-dem-brunnenhof-maeusdorf\/","title":{"rendered":"Pr\u00e4paratekurs auf dem Brunnenhof M\u00e4usdorf"},"content":{"rendered":"<h2 style=\"text-align: center;\"><span class=\"under-headline\">Einf\u00fchrungs- und Weiterbildungskurs f\u00fcr die praktische Herstellung der biodynamischen Pr\u00e4parate<\/span><\/h2>\n<h2 style=\"text-align: center;\">F\u00fcr heimische Landwirte, Winzer, Obst- &amp; Gem\u00fcsebauern, G\u00e4rtner, Klein- &amp; Hausg\u00e4rtner und G\u00e4ste aus aller Welt<\/h2>\n<p style=\"text-align: center;\">Auf dem Brunnenhof M\u00e4usdorf werden unter anderem f\u00fcr alle Demeter-Betriebe, Betriebe in Umstellung auf Demeter und alle Interessierten Fachkurse zur Herstellung der biodynamischen Pr\u00e4parate durchgef\u00fchrt.<br \/>\nDie Anwendung dieser sind Grundvoraussetzung f\u00fcr die Demeter-Zertifizierung und die Biodynamische Landwirtschaft.<\/p>\n<p style=\"text-align: center;\">Kurse zur praktischen Herstellung der biodynamischen Pr\u00e4parate f\u00fchrt der Brunnenhof M\u00e4usdorf bereits seit 1977 durch. Die Teilnehmer erhalten eine umfassende Einf\u00fchrung in die Arbeit der biodynamischen Pr\u00e4parate, ihre praktische Herstellung, Anwendung und Wirkung. Der Kurs ist gegliedert in zwei Hauptkurstage (Theorie und Praxis) und einen Ausgrabetag (Praxis). Erfahrene Praktiker zeigen Landwirten, G\u00e4rtnern, Hausg\u00e4rtnern, Praktikanten, Auszubildenden, Studenten und allen interessierten Verbrauchern, wie sie die biodynamischen Pr\u00e4parate korrekt herstellen, ordnungsgem\u00e4\u00df aufbewahren und richtig anwenden k\u00f6nnen.<\/p>\n","protected":false},"excerpt":{"rendered":"<p>Einf\u00fchrungs- und Weiterbildungskurs f\u00fcr die praktische Herstellung der biodynamischen Pr\u00e4parate F\u00fcr heimische Landwirte, Winzer, Obst- &amp; Gem\u00fcsebauern, G\u00e4rtner, Klein- &amp; Hausg\u00e4rtner und G\u00e4ste aus aller Welt Auf dem Brunnenhof M\u00e4usdorf werden unter anderem f\u00fcr alle Demeter-Betriebe, Betriebe in Umstellung auf Demeter und alle Interessierten Fachkurse zur Herstellung der biodynamischen Pr\u00e4parate durchgef\u00fchrt. Die Anwendung dieser sind Grundvoraussetzung f\u00fcr die Demeter-Zertifizierung und die Biodynamische Landwirtschaft. Kurse zur praktischen Herstellung der biodynamischen Pr\u00e4parate f\u00fchrt der Brunnenhof M\u00e4usdorf bereits seit 1977 durch. Die Teilnehmer erhalten eine umfassende Einf\u00fchrung in die Arbeit der biodynamischen Pr\u00e4parate, ihre praktische Herstellung, Anwendung und Wirkung. Der Kurs ist gegliedert in zwei Hauptkurstage (Theorie und Praxis) und einen Ausgrabetag (Praxis). Erfahrene Praktiker zeigen Landwirten, G\u00e4rtnern, Hausg\u00e4rtnern, Praktikanten, Auszubildenden, Studenten und allen interessierten Verbrauchern, wie sie die biodynamischen Pr\u00e4parate korrekt herstellen, ordnungsgem\u00e4\u00df aufbewahren und richtig anwenden k\u00f6nnen.<\/p>\n","protected":false},"author":1,"featured_media":0,"parent":0,"menu_order":0,"comment_status":"closed","ping_status":"closed","template":"","meta":{"footnotes":""},"class_list":["post-107","page","type-page","status-publish","hentry"],"_links":{"self":[{"href":"https:\/\/praeparate.hohenloher-landgockel.de\/index.php\/wp-json\/wp\/v2\/pages\/107","targetHints":{"allow":["GET"]}}],"collection":[{"href":"https:\/\/praeparate.hohenloher-landgockel.de\/index.php\/wp-json\/wp\/v2\/pages"}],"about":[{"href":"https:\/\/praeparate.hohenloher-landgockel.de\/index.php\/wp-json\/wp\/v2\/types\/page"}],"author":[{"embeddable":true,"href":"https:\/\/praeparate.hohenloher-landgockel.de\/index.php\/wp-json\/wp\/v2\/users\/1"}],"replies":[{"embeddable":true,"href":"https:\/\/praeparate.hohenloher-landgockel.de\/index.php\/wp-json\/wp\/v2\/comments?post=107"}],"version-history":[{"count":2,"href":"https:\/\/praeparate.hohenloher-landgockel.de\/index.php\/wp-json\/wp\/v2\/pages\/107\/revisions"}],"predecessor-version":[{"id":109,"href":"https:\/\/praeparate.hohenloher-landgockel.de\/index.php\/wp-json\/wp\/v2\/pages\/107\/revisions\/109"}],"wp:attachment":[{"href":"https:\/\/praeparate.hohenloher-landgockel.de\/index.php\/wp-json\/wp\/v2\/media?parent=107"}],"curies":[{"name":"wp","href":"https:\/\/api.w.org\/{rel}","templated":true}]}}